{"id":848,"date":"2023-07-05T19:42:33","date_gmt":"2023-07-05T17:42:33","guid":{"rendered":"https:\/\/chaoshof.at\/?page_id=848"},"modified":"2025-02-10T19:37:00","modified_gmt":"2025-02-10T18:37:00","slug":"gemueseanbau","status":"publish","type":"page","link":"https:\/\/chaoshof.at\/?page_id=848","title":{"rendered":"Gem\u00fcseanbau"},"content":{"rendered":"\t\t<div data-elementor-type=\"wp-page\" data-elementor-id=\"848\" class=\"elementor elementor-848\">\n\t\t\t\t\t\t\t\t\t<section class=\"elementor-section elementor-top-section elementor-element elementor-element-c0041e7 elementor-section-boxed elementor-section-height-default elementor-section-height-default\" data-id=\"c0041e7\" data-element_type=\"section\">\n\t\t\t\t\t\t<div class=\"elementor-container elementor-column-gap-default\">\n\t\t\t\t\t<div class=\"elementor-column elementor-col-100 elementor-top-column elementor-element elementor-element-a2d0286\" data-id=\"a2d0286\" data-element_type=\"column\">\n\t\t\t<div class=\"elementor-widget-wrap elementor-element-populated\">\n\t\t\t\t\t\t\t\t<div class=\"elementor-element elementor-element-bbe5c59 elementor-widget elementor-widget-image\" data-id=\"bbe5c59\" data-element_type=\"widget\" data-widget_type=\"image.default\">\n\t\t\t\t<div class=\"elementor-widget-container\">\n\t\t\t<style>\/*! elementor - v3.11.1 - 15-02-2023 *\/\n.elementor-widget-image{text-align:center}.elementor-widget-image a{display:inline-block}.elementor-widget-image a img[src$=\".svg\"]{width:48px}.elementor-widget-image img{vertical-align:middle;display:inline-block}<\/style>\t\t\t\t\t\t\t\t\t\t\t\t<img decoding=\"async\" width=\"1000\" height=\"507\" src=\"https:\/\/chaoshof.at\/wp-content\/uploads\/2023\/07\/mg.jpg\" class=\"attachment-full size-full wp-image-850\" alt=\"\" srcset=\"https:\/\/chaoshof.at\/wp-content\/uploads\/2023\/07\/mg.jpg 1000w, https:\/\/chaoshof.at\/wp-content\/uploads\/2023\/07\/mg-300x152.jpg 300w, https:\/\/chaoshof.at\/wp-content\/uploads\/2023\/07\/mg-768x389.jpg 768w\" sizes=\"(max-width: 1000px) 100vw, 1000px\" \/>\t\t\t\t\t\t\t\t\t\t\t\t\t\t\t<\/div>\n\t\t\t\t<\/div>\n\t\t\t\t\t<\/div>\n\t\t<\/div>\n\t\t\t\t\t\t\t<\/div>\n\t\t<\/section>\n\t\t\t\t<section class=\"elementor-section elementor-top-section elementor-element elementor-element-a593d10 elementor-section-boxed elementor-section-height-default elementor-section-height-default\" data-id=\"a593d10\" data-element_type=\"section\">\n\t\t\t\t\t\t<div class=\"elementor-container elementor-column-gap-default\">\n\t\t\t\t\t<div class=\"elementor-column elementor-col-100 elementor-top-column elementor-element elementor-element-ce38567\" data-id=\"ce38567\" data-element_type=\"column\">\n\t\t\t<div class=\"elementor-widget-wrap elementor-element-populated\">\n\t\t\t\t\t\t\t\t<div class=\"elementor-element elementor-element-8ed0c8d elementor-widget elementor-widget-text-editor\" data-id=\"8ed0c8d\" data-element_type=\"widget\" data-widget_type=\"text-editor.default\">\n\t\t\t\t<div class=\"elementor-widget-container\">\n\t\t\t<style>\/*! elementor - v3.11.1 - 15-02-2023 *\/\n.elementor-widget-text-editor.elementor-drop-cap-view-stacked .elementor-drop-cap{background-color:#818a91;color:#fff}.elementor-widget-text-editor.elementor-drop-cap-view-framed .elementor-drop-cap{color:#818a91;border:3px solid;background-color:transparent}.elementor-widget-text-editor:not(.elementor-drop-cap-view-default) .elementor-drop-cap{margin-top:8px}.elementor-widget-text-editor:not(.elementor-drop-cap-view-default) .elementor-drop-cap-letter{width:1em;height:1em}.elementor-widget-text-editor .elementor-drop-cap{float:left;text-align:center;line-height:1;font-size:50px}.elementor-widget-text-editor .elementor-drop-cap-letter{display:inline-block}<\/style>\t\t\t\t<p>Wir bauen unser Gem\u00fcse nach nachhaltigen Prinzipien an, der Erhalt eines Bio-Siegels ist in Arbeit. Der nachhaltige und respektvolle Umgang mit dem Boden und den Ressourcen ist uns sehr wichtig. Unser Gem\u00fcse wird nach dem <a href=\"https:\/\/en.wikipedia.org\/wiki\/Market_garden\">Marketgardening<\/a>-Prinzip angebaut. Im Herbst 2022 haben wir begonnen, den Chaos-Marktgarten anzulegen, seitdem wird er bepflanzt und in Zukunft noch erweitert. Wir versuchen uns an alle g\u00e4ngigen Gem\u00fcsearten, die in unseren Breitengraden wachsen, darunter auch einige alte Sorten. Nicht nur im ersten Jahr der Bewirtschaftung dokumentieren wir den Prozess genau, um die \u00f6kologische, sowie \u00f6konomische Nachhaltigkeit stetig optimieren zu k\u00f6nnen.<\/p>\t\t\t\t\t\t<\/div>\n\t\t\t\t<\/div>\n\t\t\t\t\t<\/div>\n\t\t<\/div>\n\t\t\t\t\t\t\t<\/div>\n\t\t<\/section>\n\t\t\t\t<section class=\"elementor-section elementor-top-section elementor-element elementor-element-57278ad elementor-section-boxed elementor-section-height-default elementor-section-height-default\" data-id=\"57278ad\" data-element_type=\"section\">\n\t\t\t\t\t\t<div class=\"elementor-container elementor-column-gap-default\">\n\t\t\t\t\t<div class=\"elementor-column elementor-col-100 elementor-top-column elementor-element elementor-element-5522175\" data-id=\"5522175\" data-element_type=\"column\">\n\t\t\t<div class=\"elementor-widget-wrap elementor-element-populated\">\n\t\t\t\t\t\t\t\t<div class=\"elementor-element elementor-element-cddcbab elementor-widget-divider--view-line elementor-widget elementor-widget-divider\" data-id=\"cddcbab\" data-element_type=\"widget\" data-widget_type=\"divider.default\">\n\t\t\t\t<div class=\"elementor-widget-container\">\n\t\t\t<style>\/*! elementor - v3.11.1 - 15-02-2023 *\/\n.elementor-widget-divider{--divider-border-style:none;--divider-border-width:1px;--divider-color:#2c2c2c;--divider-icon-size:20px;--divider-element-spacing:10px;--divider-pattern-height:24px;--divider-pattern-size:20px;--divider-pattern-url:none;--divider-pattern-repeat:repeat-x}.elementor-widget-divider .elementor-divider{display:flex}.elementor-widget-divider .elementor-divider__text{font-size:15px;line-height:1;max-width:95%}.elementor-widget-divider .elementor-divider__element{margin:0 var(--divider-element-spacing);flex-shrink:0}.elementor-widget-divider .elementor-icon{font-size:var(--divider-icon-size)}.elementor-widget-divider .elementor-divider-separator{display:flex;margin:0;direction:ltr}.elementor-widget-divider--view-line_icon .elementor-divider-separator,.elementor-widget-divider--view-line_text .elementor-divider-separator{align-items:center}.elementor-widget-divider--view-line_icon .elementor-divider-separator:after,.elementor-widget-divider--view-line_icon .elementor-divider-separator:before,.elementor-widget-divider--view-line_text .elementor-divider-separator:after,.elementor-widget-divider--view-line_text .elementor-divider-separator:before{display:block;content:\"\";border-bottom:0;flex-grow:1;border-top:var(--divider-border-width) var(--divider-border-style) var(--divider-color)}.elementor-widget-divider--element-align-left .elementor-divider .elementor-divider-separator>.elementor-divider__svg:first-of-type{flex-grow:0;flex-shrink:100}.elementor-widget-divider--element-align-left .elementor-divider-separator:before{content:none}.elementor-widget-divider--element-align-left .elementor-divider__element{margin-left:0}.elementor-widget-divider--element-align-right .elementor-divider .elementor-divider-separator>.elementor-divider__svg:last-of-type{flex-grow:0;flex-shrink:100}.elementor-widget-divider--element-align-right .elementor-divider-separator:after{content:none}.elementor-widget-divider--element-align-right .elementor-divider__element{margin-right:0}.elementor-widget-divider:not(.elementor-widget-divider--view-line_text):not(.elementor-widget-divider--view-line_icon) .elementor-divider-separator{border-top:var(--divider-border-width) var(--divider-border-style) var(--divider-color)}.elementor-widget-divider--separator-type-pattern{--divider-border-style:none}.elementor-widget-divider--separator-type-pattern.elementor-widget-divider--view-line .elementor-divider-separator,.elementor-widget-divider--separator-type-pattern:not(.elementor-widget-divider--view-line) .elementor-divider-separator:after,.elementor-widget-divider--separator-type-pattern:not(.elementor-widget-divider--view-line) .elementor-divider-separator:before,.elementor-widget-divider--separator-type-pattern:not([class*=elementor-widget-divider--view]) .elementor-divider-separator{width:100%;min-height:var(--divider-pattern-height);-webkit-mask-size:var(--divider-pattern-size) 100%;mask-size:var(--divider-pattern-size) 100%;-webkit-mask-repeat:var(--divider-pattern-repeat);mask-repeat:var(--divider-pattern-repeat);background-color:var(--divider-color);-webkit-mask-image:var(--divider-pattern-url);mask-image:var(--divider-pattern-url)}.elementor-widget-divider--no-spacing{--divider-pattern-size:auto}.elementor-widget-divider--bg-round{--divider-pattern-repeat:round}.rtl .elementor-widget-divider .elementor-divider__text{direction:rtl}.e-con-inner>.elementor-widget-divider,.e-con>.elementor-widget-divider{width:var(--container-widget-width,100%);--flex-grow:var(--container-widget-flex-grow)}<\/style>\t\t<div class=\"elementor-divider\">\n\t\t\t<span class=\"elementor-divider-separator\">\n\t\t\t\t\t\t<\/span>\n\t\t<\/div>\n\t\t\t\t<\/div>\n\t\t\t\t<\/div>\n\t\t\t\t\t<\/div>\n\t\t<\/div>\n\t\t\t\t\t\t\t<\/div>\n\t\t<\/section>\n\t\t\t\t<section class=\"elementor-section elementor-top-section elementor-element elementor-element-f921a3b elementor-section-boxed elementor-section-height-default elementor-section-height-default\" data-id=\"f921a3b\" data-element_type=\"section\">\n\t\t\t\t\t\t<div class=\"elementor-container elementor-column-gap-default\">\n\t\t\t\t\t<div class=\"elementor-column elementor-col-100 elementor-top-column elementor-element elementor-element-ed45360\" data-id=\"ed45360\" data-element_type=\"column\">\n\t\t\t<div class=\"elementor-widget-wrap elementor-element-populated\">\n\t\t\t\t\t\t\t\t<section class=\"elementor-section elementor-inner-section elementor-element elementor-element-6c1f8f9 elementor-section-boxed elementor-section-height-default elementor-section-height-default\" data-id=\"6c1f8f9\" data-element_type=\"section\">\n\t\t\t\t\t\t<div class=\"elementor-container elementor-column-gap-default\">\n\t\t\t\t\t<div class=\"elementor-column elementor-col-50 elementor-inner-column elementor-element elementor-element-9b3e211\" data-id=\"9b3e211\" data-element_type=\"column\">\n\t\t\t<div class=\"elementor-widget-wrap elementor-element-populated\">\n\t\t\t\t\t\t\t\t<div class=\"elementor-element elementor-element-2fb0ed8 elementor-widget elementor-widget-image\" data-id=\"2fb0ed8\" data-element_type=\"widget\" data-widget_type=\"image.default\">\n\t\t\t\t<div class=\"elementor-widget-container\">\n\t\t\t\t\t\t\t\t\t\t\t\t\t\t\t<img decoding=\"async\" width=\"559\" height=\"794\" src=\"https:\/\/chaoshof.at\/wp-content\/uploads\/2025\/02\/Kisten_25_1neuneu-1.jpg\" class=\"attachment-large size-large wp-image-1080\" alt=\"\" srcset=\"https:\/\/chaoshof.at\/wp-content\/uploads\/2025\/02\/Kisten_25_1neuneu-1.jpg 559w, https:\/\/chaoshof.at\/wp-content\/uploads\/2025\/02\/Kisten_25_1neuneu-1-211x300.jpg 211w\" sizes=\"(max-width: 559px) 100vw, 559px\" \/>\t\t\t\t\t\t\t\t\t\t\t\t\t\t\t<\/div>\n\t\t\t\t<\/div>\n\t\t\t\t\t<\/div>\n\t\t<\/div>\n\t\t\t\t<div class=\"elementor-column elementor-col-50 elementor-inner-column elementor-element elementor-element-97f0a06\" data-id=\"97f0a06\" data-element_type=\"column\">\n\t\t\t<div class=\"elementor-widget-wrap elementor-element-populated\">\n\t\t\t\t\t\t\t\t<div class=\"elementor-element elementor-element-931d2b7 elementor-widget elementor-widget-image\" data-id=\"931d2b7\" data-element_type=\"widget\" data-widget_type=\"image.default\">\n\t\t\t\t<div class=\"elementor-widget-container\">\n\t\t\t\t\t\t\t\t\t\t\t\t\t\t\t<img decoding=\"async\" width=\"559\" height=\"794\" src=\"https:\/\/chaoshof.at\/wp-content\/uploads\/2025\/02\/Kisten_25_2neuneu.jpg\" class=\"attachment-large size-large wp-image-1081\" alt=\"\" srcset=\"https:\/\/chaoshof.at\/wp-content\/uploads\/2025\/02\/Kisten_25_2neuneu.jpg 559w, https:\/\/chaoshof.at\/wp-content\/uploads\/2025\/02\/Kisten_25_2neuneu-211x300.jpg 211w\" sizes=\"(max-width: 559px) 100vw, 559px\" \/>\t\t\t\t\t\t\t\t\t\t\t\t\t\t\t<\/div>\n\t\t\t\t<\/div>\n\t\t\t\t\t<\/div>\n\t\t<\/div>\n\t\t\t\t\t\t\t<\/div>\n\t\t<\/section>\n\t\t\t\t<div class=\"elementor-element elementor-element-57dc308 elementor-widget elementor-widget-spacer\" data-id=\"57dc308\" data-element_type=\"widget\" data-widget_type=\"spacer.default\">\n\t\t\t\t<div class=\"elementor-widget-container\">\n\t\t\t<style>\/*! elementor - v3.11.1 - 15-02-2023 *\/\n.elementor-column .elementor-spacer-inner{height:var(--spacer-size)}.e-con{--container-widget-width:100%}.e-con-inner>.elementor-widget-spacer,.e-con>.elementor-widget-spacer{width:var(--container-widget-width,var(--spacer-size));--align-self:var(--container-widget-align-self,initial);--flex-shrink:0}.e-con-inner>.elementor-widget-spacer>.elementor-widget-container,.e-con-inner>.elementor-widget-spacer>.elementor-widget-container>.elementor-spacer,.e-con>.elementor-widget-spacer>.elementor-widget-container,.e-con>.elementor-widget-spacer>.elementor-widget-container>.elementor-spacer{height:100%}.e-con-inner>.elementor-widget-spacer>.elementor-widget-container>.elementor-spacer>.elementor-spacer-inner,.e-con>.elementor-widget-spacer>.elementor-widget-container>.elementor-spacer>.elementor-spacer-inner{height:var(--container-widget-height,var(--spacer-size))}<\/style>\t\t<div class=\"elementor-spacer\">\n\t\t\t<div class=\"elementor-spacer-inner\"><\/div>\n\t\t<\/div>\n\t\t\t\t<\/div>\n\t\t\t\t<\/div>\n\t\t\t\t<div class=\"elementor-element elementor-element-a54df78 elementor-widget elementor-widget-heading\" data-id=\"a54df78\" data-element_type=\"widget\" data-widget_type=\"heading.default\">\n\t\t\t\t<div class=\"elementor-widget-container\">\n\t\t\t<style>\/*! elementor - v3.11.1 - 15-02-2023 *\/\n.elementor-heading-title{padding:0;margin:0;line-height:1}.elementor-widget-heading .elementor-heading-title[class*=elementor-size-]>a{color:inherit;font-size:inherit;line-height:inherit}.elementor-widget-heading .elementor-heading-title.elementor-size-small{font-size:15px}.elementor-widget-heading .elementor-heading-title.elementor-size-medium{font-size:19px}.elementor-widget-heading .elementor-heading-title.elementor-size-large{font-size:29px}.elementor-widget-heading .elementor-heading-title.elementor-size-xl{font-size:39px}.elementor-widget-heading .elementor-heading-title.elementor-size-xxl{font-size:59px}<\/style><h2 class=\"elementor-heading-title elementor-size-default\">Sorten der Saison 2025<\/h2>\t\t<\/div>\n\t\t\t\t<\/div>\n\t\t\t\t<section class=\"elementor-section elementor-inner-section elementor-element elementor-element-338ef95 elementor-section-boxed elementor-section-height-default elementor-section-height-default\" data-id=\"338ef95\" data-element_type=\"section\">\n\t\t\t\t\t\t<div class=\"elementor-container elementor-column-gap-wide\">\n\t\t\t\t\t<div class=\"elementor-column elementor-col-50 elementor-inner-column elementor-element elementor-element-6ae3866\" data-id=\"6ae3866\" data-element_type=\"column\">\n\t\t\t<div class=\"elementor-widget-wrap elementor-element-populated\">\n\t\t\t\t\t\t\t\t<div class=\"elementor-element elementor-element-c896186 elementor-widget elementor-widget-text-editor\" data-id=\"c896186\" data-element_type=\"widget\" data-widget_type=\"text-editor.default\">\n\t\t\t\t<div class=\"elementor-widget-container\">\n\t\t\t\t\t\t\t<p style=\"text-align: right;\">Lenora<strong> Brokkoli<br \/><\/strong><br \/>Nero di Toskana <strong>Gr\u00fcnkohl<br \/><\/strong><br \/>Groninger <strong>Kohlsprossen<\/strong><\/p><p style=\"text-align: right;\">Golden Acre, Oststeirerkraut, Juwanna, Filderkraut, Express <strong>Wei\u00dfkraut<\/strong><\/p><p style=\"text-align: right;\">Amarant, Kalibos, Tete Noire 3 <strong>Rotkraut<\/strong><\/p><p style=\"text-align: right;\">Lungo bianco di Palermo, black beauty, Solara <strong>Zucchini<br \/><\/strong><br \/>Butternut Waltham, Mini Butternut, Hokkaido, Muscat de Provence, Patisson blanc, Spaghetti <strong>K\u00fcrbis<\/strong><\/p><p style=\"text-align: right;\">Lollo Rossa, Lollo Bionda, Regina dei Ghiacci, Zuckerhut, Wunder von Stuttgard <strong>Salat<\/strong><\/p><p style=\"text-align: right;\">Tall Utah, Wiener Riesen, Chinese pink celery <strong>Sellerie<\/strong><\/p><p style=\"text-align: right;\">Dill, Koriander, Petersilie, Bergbohnenkraut, Ysop, Oregano, Schnittlauch, Majoran <strong>Kr\u00e4uter<\/strong><\/p><p style=\"text-align: right;\">Prelat, Hilari, Starozagorska Kamus <strong>Lauch<\/strong><\/p><p style=\"text-align: right;\">mehlige M\u00fchlviertler, Luna Rossa, Agria, Annabelle <strong>Kartoffel<\/strong><\/p><p style=\"text-align: right;\">Selma <strong>Knollenfenchel<\/strong><\/p><p style=\"text-align: right;\">milder Spiral <strong>Pfefferoni<\/strong><\/p><p style=\"text-align: right;\">Superschmelz, Azur Star <strong>Kohlrabi<\/strong><\/p>\t\t\t\t\t\t<\/div>\n\t\t\t\t<\/div>\n\t\t\t\t\t<\/div>\n\t\t<\/div>\n\t\t\t\t<div class=\"elementor-column elementor-col-50 elementor-inner-column elementor-element elementor-element-b084938\" data-id=\"b084938\" data-element_type=\"column\">\n\t\t\t<div class=\"elementor-widget-wrap elementor-element-populated\">\n\t\t\t\t\t\t\t\t<div class=\"elementor-element elementor-element-545ca42 elementor-widget elementor-widget-text-editor\" data-id=\"545ca42\" data-element_type=\"widget\" data-widget_type=\"text-editor.default\">\n\t\t\t\t<div class=\"elementor-widget-container\">\n\t\t\t\t\t\t\t<p><strong>Knoblauch <\/strong>Flavor, Sprint<\/p><p><strong>Zwiebel<\/strong> Winterheckenzwiebel, Stuttgarter Riesen<br \/><strong><br \/>Radieschen <\/strong>Cherry Belle, Eiszapfen<br \/><strong><br \/>Karotten<\/strong> Soletta, Nantaise2, Milan, Dolciva<br \/><strong><br \/>rote R\u00fcben<\/strong> rote Kugel2<strong>, <\/strong>Tonda di Chioggia, Wintersonne<\/p><p><strong>Rettich <\/strong>runder schwarzer Winter, Ostergru\u00df, blauer Herbst und Winter, Laurin<\/p><p><strong>Pastinaken<\/strong> Schleswiger Schnee<br \/><strong><br \/>Spinat<\/strong> Winterriesen, Thorin<br \/><strong><br \/>Mangold<\/strong> tre colori<br \/><strong><br \/>Paprika<\/strong> Yolo Wonder, Spitzpaprika, Violetta, Fritz, Pusztagold, Alfonsina<br \/><strong><br \/>Tomaten<\/strong> San Marzano, Ochsenherz, Rondobella, Raf, Resi, Marmande, Fleischtomaten<br \/><strong><br \/>Melanzani<\/strong> Luzia, Applegreen, Zora, Listada de Gandia, black beauty<br \/><strong><br \/>Erbsen<\/strong> Wunder von Kelvedon<br \/><strong><br \/>Gurken<\/strong> Helena, Marketmore<br \/><strong><br \/>Buschbohnen<\/strong> Cupidon, Sanguigno2,<\/p>\t\t\t\t\t\t<\/div>\n\t\t\t\t<\/div>\n\t\t\t\t\t<\/div>\n\t\t<\/div>\n\t\t\t\t\t\t\t<\/div>\n\t\t<\/section>\n\t\t\t\t\t<\/div>\n\t\t<\/div>\n\t\t\t\t\t\t\t<\/div>\n\t\t<\/section>\n\t\t\t\t\t\t\t<\/div>\n\t\t","protected":false},"excerpt":{"rendered":"<p>Wir bauen unser Gem\u00fcse nach nachhaltigen Prinzipien an, der Erhalt eines Bio-Siegels ist in Arbeit. Der nachhaltige und respektvolle Umgang mit dem Boden und den Ressourcen ist uns sehr wichtig. Unser Gem\u00fcse wird nach dem Marketgardening-Prinzip angebaut. Im Herbst 2022 haben wir begonnen, den Chaos-Marktgarten anzulegen, seitdem wird er bepflanzt und in Zukunft noch erweitert. [&hellip;]<\/p>\n","protected":false},"author":1,"featured_media":0,"parent":0,"menu_order":0,"comment_status":"closed","ping_status":"closed","template":"","meta":{"footnotes":""},"class_list":["post-848","page","type-page","status-publish","hentry"],"_links":{"self":[{"href":"https:\/\/chaoshof.at\/index.php?rest_route=\/wp\/v2\/pages\/848","targetHints":{"allow":["GET"]}}],"collection":[{"href":"https:\/\/chaoshof.at\/index.php?rest_route=\/wp\/v2\/pages"}],"about":[{"href":"https:\/\/chaoshof.at\/index.php?rest_route=\/wp\/v2\/types\/page"}],"author":[{"embeddable":true,"href":"https:\/\/chaoshof.at\/index.php?rest_route=\/wp\/v2\/users\/1"}],"replies":[{"embeddable":true,"href":"https:\/\/chaoshof.at\/index.php?rest_route=%2Fwp%2Fv2%2Fcomments&post=848"}],"version-history":[{"count":55,"href":"https:\/\/chaoshof.at\/index.php?rest_route=\/wp\/v2\/pages\/848\/revisions"}],"predecessor-version":[{"id":1091,"href":"https:\/\/chaoshof.at\/index.php?rest_route=\/wp\/v2\/pages\/848\/revisions\/1091"}],"wp:attachment":[{"href":"https:\/\/chaoshof.at\/index.php?rest_route=%2Fwp%2Fv2%2Fmedia&parent=848"}],"curies":[{"name":"wp","href":"https:\/\/api.w.org\/{rel}","templated":true}]}}