{"id":439,"date":"2022-06-02T15:59:22","date_gmt":"2022-06-02T13:59:22","guid":{"rendered":"https:\/\/chaoshof.at\/?page_id=439"},"modified":"2022-07-10T14:58:31","modified_gmt":"2022-07-10T12:58:31","slug":"prinzipien","status":"publish","type":"page","link":"https:\/\/chaoshof.at\/?page_id=439","title":{"rendered":"Prinzipien"},"content":{"rendered":"\t\t<div data-elementor-type=\"wp-page\" data-elementor-id=\"439\" class=\"elementor elementor-439\">\n\t\t\t\t\t\t\t\t\t<section class=\"elementor-section elementor-top-section elementor-element elementor-element-f718526 elementor-section-boxed elementor-section-height-default elementor-section-height-default\" data-id=\"f718526\" data-element_type=\"section\">\n\t\t\t\t\t\t<div class=\"elementor-container elementor-column-gap-default\">\n\t\t\t\t\t<div class=\"elementor-column elementor-col-100 elementor-top-column elementor-element elementor-element-db32f00\" data-id=\"db32f00\" data-element_type=\"column\">\n\t\t\t<div class=\"elementor-widget-wrap elementor-element-populated\">\n\t\t\t\t\t\t\t\t<div class=\"elementor-element elementor-element-5c5cb5d elementor-widget elementor-widget-text-editor\" data-id=\"5c5cb5d\" data-element_type=\"widget\" data-widget_type=\"text-editor.default\">\n\t\t\t\t<div class=\"elementor-widget-container\">\n\t\t\t<style>\/*! elementor - v3.11.1 - 15-02-2023 *\/\n.elementor-widget-text-editor.elementor-drop-cap-view-stacked .elementor-drop-cap{background-color:#818a91;color:#fff}.elementor-widget-text-editor.elementor-drop-cap-view-framed .elementor-drop-cap{color:#818a91;border:3px solid;background-color:transparent}.elementor-widget-text-editor:not(.elementor-drop-cap-view-default) .elementor-drop-cap{margin-top:8px}.elementor-widget-text-editor:not(.elementor-drop-cap-view-default) .elementor-drop-cap-letter{width:1em;height:1em}.elementor-widget-text-editor .elementor-drop-cap{float:left;text-align:center;line-height:1;font-size:50px}.elementor-widget-text-editor .elementor-drop-cap-letter{display:inline-block}<\/style>\t\t\t\t<p><i>Disclaimer<br \/>Man kann nicht jeden Tag alles richtig machen. In unserer Menschlichkeit m\u00fcssen Fehler zugelassen werden. Exkludieren wir die M\u00f6glichkeit fehlbar zu sein, wird allein dieser Anspruch der Nichtfehlbarkeit die Diskussionen beherrschen.<br \/>Wir k\u00f6nnen nur versuchen, jeden Tag das der Tagesverfassung entsprechend Beste zu geben.<\/i><\/p><p><style type=\"text\/css\">p { margin-bottom: 0.25cm; line-height: 115%; background: transparent }<\/style><\/p>\t\t\t\t\t\t<\/div>\n\t\t\t\t<\/div>\n\t\t\t\t\t<\/div>\n\t\t<\/div>\n\t\t\t\t\t\t\t<\/div>\n\t\t<\/section>\n\t\t\t\t<section class=\"elementor-section elementor-top-section elementor-element elementor-element-11a08be elementor-section-boxed elementor-section-height-default elementor-section-height-default\" data-id=\"11a08be\" data-element_type=\"section\">\n\t\t\t\t\t\t<div class=\"elementor-container elementor-column-gap-default\">\n\t\t\t\t\t<div class=\"elementor-column elementor-col-100 elementor-top-column elementor-element elementor-element-3fb6ca0\" data-id=\"3fb6ca0\" data-element_type=\"column\">\n\t\t\t<div class=\"elementor-widget-wrap elementor-element-populated\">\n\t\t\t\t\t\t\t\t<div class=\"elementor-element elementor-element-039594e elementor-widget elementor-widget-spacer\" data-id=\"039594e\" data-element_type=\"widget\" data-widget_type=\"spacer.default\">\n\t\t\t\t<div class=\"elementor-widget-container\">\n\t\t\t<style>\/*! elementor - v3.11.1 - 15-02-2023 *\/\n.elementor-column .elementor-spacer-inner{height:var(--spacer-size)}.e-con{--container-widget-width:100%}.e-con-inner>.elementor-widget-spacer,.e-con>.elementor-widget-spacer{width:var(--container-widget-width,var(--spacer-size));--align-self:var(--container-widget-align-self,initial);--flex-shrink:0}.e-con-inner>.elementor-widget-spacer>.elementor-widget-container,.e-con-inner>.elementor-widget-spacer>.elementor-widget-container>.elementor-spacer,.e-con>.elementor-widget-spacer>.elementor-widget-container,.e-con>.elementor-widget-spacer>.elementor-widget-container>.elementor-spacer{height:100%}.e-con-inner>.elementor-widget-spacer>.elementor-widget-container>.elementor-spacer>.elementor-spacer-inner,.e-con>.elementor-widget-spacer>.elementor-widget-container>.elementor-spacer>.elementor-spacer-inner{height:var(--container-widget-height,var(--spacer-size))}<\/style>\t\t<div class=\"elementor-spacer\">\n\t\t\t<div class=\"elementor-spacer-inner\"><\/div>\n\t\t<\/div>\n\t\t\t\t<\/div>\n\t\t\t\t<\/div>\n\t\t\t\t\t<\/div>\n\t\t<\/div>\n\t\t\t\t\t\t\t<\/div>\n\t\t<\/section>\n\t\t\t\t<section class=\"elementor-section elementor-top-section elementor-element elementor-element-17f4c83 elementor-section-boxed elementor-section-height-default elementor-section-height-default\" data-id=\"17f4c83\" data-element_type=\"section\">\n\t\t\t\t\t\t<div class=\"elementor-container elementor-column-gap-default\">\n\t\t\t\t\t<div class=\"elementor-column elementor-col-100 elementor-top-column elementor-element elementor-element-d70021e\" data-id=\"d70021e\" data-element_type=\"column\">\n\t\t\t<div class=\"elementor-widget-wrap elementor-element-populated\">\n\t\t\t\t\t\t\t\t<div class=\"elementor-element elementor-element-894051d elementor-widget elementor-widget-image\" data-id=\"894051d\" data-element_type=\"widget\" data-widget_type=\"image.default\">\n\t\t\t\t<div class=\"elementor-widget-container\">\n\t\t\t<style>\/*! elementor - v3.11.1 - 15-02-2023 *\/\n.elementor-widget-image{text-align:center}.elementor-widget-image a{display:inline-block}.elementor-widget-image a img[src$=\".svg\"]{width:48px}.elementor-widget-image img{vertical-align:middle;display:inline-block}<\/style>\t\t\t\t\t\t\t\t\t\t\t\t<img decoding=\"async\" width=\"150\" height=\"150\" src=\"https:\/\/chaoshof.at\/wp-content\/uploads\/2022\/07\/sus1-150x150.jpg\" class=\"attachment-thumbnail size-thumbnail wp-image-603\" alt=\"\" srcset=\"https:\/\/chaoshof.at\/wp-content\/uploads\/2022\/07\/sus1-150x150.jpg 150w, https:\/\/chaoshof.at\/wp-content\/uploads\/2022\/07\/sus1-300x300.jpg 300w, https:\/\/chaoshof.at\/wp-content\/uploads\/2022\/07\/sus1.jpg 1024w, https:\/\/chaoshof.at\/wp-content\/uploads\/2022\/07\/sus1-768x768.jpg 768w, https:\/\/chaoshof.at\/wp-content\/uploads\/2022\/07\/sus1-350x350.jpg 350w, https:\/\/chaoshof.at\/wp-content\/uploads\/2022\/07\/sus1-120x120.jpg 120w\" sizes=\"(max-width: 150px) 100vw, 150px\" \/>\t\t\t\t\t\t\t\t\t\t\t\t\t\t\t<\/div>\n\t\t\t\t<\/div>\n\t\t\t\t\t<\/div>\n\t\t<\/div>\n\t\t\t\t\t\t\t<\/div>\n\t\t<\/section>\n\t\t\t\t<section class=\"elementor-section elementor-top-section elementor-element elementor-element-285c8f2 elementor-section-boxed elementor-section-height-default elementor-section-height-default\" data-id=\"285c8f2\" data-element_type=\"section\">\n\t\t\t\t\t\t<div class=\"elementor-container elementor-column-gap-default\">\n\t\t\t\t\t<div class=\"elementor-column elementor-col-100 elementor-top-column elementor-element elementor-element-07b15ff\" data-id=\"07b15ff\" data-element_type=\"column\">\n\t\t\t<div class=\"elementor-widget-wrap elementor-element-populated\">\n\t\t\t\t\t\t\t\t<div class=\"elementor-element elementor-element-7041a5c elementor-widget elementor-widget-text-editor\" data-id=\"7041a5c\" data-element_type=\"widget\" data-widget_type=\"text-editor.default\">\n\t\t\t\t<div class=\"elementor-widget-container\">\n\t\t\t\t\t\t\t<h3 style=\"text-align: center;\"><span style=\"color: #339966;\"><i><b>nachhaltig<\/b><\/i><\/span><\/h3><p>Unter Nachhaltigkeit soll hier nicht nur der Anbau von Gem\u00fcse verstanden werden, sondern auch eine Lebensweise. Dementsprechend betrifft dies mehrere Bereiche.<\/p><p>Unter anderem kann Nachhaltigkeit bei dem Verbauen von Rohstoffe, Ern\u00e4hrung, verwendete Software und Hardware, Werkzeug, sowie Raum umgesetzt werden.<\/p><ul><li>Bau: mit getauschten\/geschenkten\/recycelten Materialien arbeiten<\/li><li>Ern\u00e4hrung: fleischarm\/vegetarisch\/vegan, biologisch, regional und saisonal \u2013 am besten aus dem eigenen Garten<\/li><li>Hardware: gebrauchte Hardware verwenden<\/li><li>Software: mit OSS arbeiten, offene Schnittstellen zur Migration in andere Systeme sollen vorhanden sein<\/li><li>Werkzeug: die graue Energie beachten und Ger\u00e4te nutzen, dessen Verschlei\u00dfteile man reparieren\/austauschen kann<\/li><li>Raum: bebauten Raum als gemeinschaftliche Ressource nutzen, dauerhaft und intensive Nutzung durch mehrere Menschen ergibt weniger Verbrauch, Ber\u00fccksichtigung von Privatsph\u00e4re<\/li><\/ul><p>Es sind nicht nur materiell gebundene Rohstoffe in der Beschaffungskette zu hinterfragen, sondern auch die Frage, was Nachhaltigkeit im sozialen Kontext bedeutet. Dies umfasst<span style=\"color: #000000;\"> sowohl den Umgang eines Unternehmens, als auch dessen Mitarbeiter:innen und der Umgang miteinander am Hof selbst.<\/span><\/p>\t\t\t\t\t\t<\/div>\n\t\t\t\t<\/div>\n\t\t\t\t\t<\/div>\n\t\t<\/div>\n\t\t\t\t\t\t\t<\/div>\n\t\t<\/section>\n\t\t\t\t<section class=\"elementor-section elementor-top-section elementor-element elementor-element-31ef464 elementor-section-boxed elementor-section-height-default elementor-section-height-default\" data-id=\"31ef464\" data-element_type=\"section\">\n\t\t\t\t\t\t<div class=\"elementor-container elementor-column-gap-default\">\n\t\t\t\t\t<div class=\"elementor-column elementor-col-100 elementor-top-column elementor-element elementor-element-f8a2ccc\" data-id=\"f8a2ccc\" data-element_type=\"column\">\n\t\t\t<div class=\"elementor-widget-wrap elementor-element-populated\">\n\t\t\t\t\t\t\t\t<div class=\"elementor-element elementor-element-aee5f78 elementor-widget elementor-widget-spacer\" data-id=\"aee5f78\" data-element_type=\"widget\" data-widget_type=\"spacer.default\">\n\t\t\t\t<div class=\"elementor-widget-container\">\n\t\t\t\t\t<div class=\"elementor-spacer\">\n\t\t\t<div class=\"elementor-spacer-inner\"><\/div>\n\t\t<\/div>\n\t\t\t\t<\/div>\n\t\t\t\t<\/div>\n\t\t\t\t\t<\/div>\n\t\t<\/div>\n\t\t\t\t\t\t\t<\/div>\n\t\t<\/section>\n\t\t\t\t<section class=\"elementor-section elementor-top-section elementor-element elementor-element-984dab4 elementor-section-boxed elementor-section-height-default elementor-section-height-default\" data-id=\"984dab4\" data-element_type=\"section\">\n\t\t\t\t\t\t<div class=\"elementor-container elementor-column-gap-default\">\n\t\t\t\t\t<div class=\"elementor-column elementor-col-100 elementor-top-column elementor-element elementor-element-1242eb7\" data-id=\"1242eb7\" data-element_type=\"column\">\n\t\t\t<div class=\"elementor-widget-wrap elementor-element-populated\">\n\t\t\t\t\t\t\t\t<div class=\"elementor-element elementor-element-e486426 elementor-widget elementor-widget-image\" data-id=\"e486426\" data-element_type=\"widget\" data-widget_type=\"image.default\">\n\t\t\t\t<div class=\"elementor-widget-container\">\n\t\t\t\t\t\t\t\t\t\t\t\t\t\t\t<img decoding=\"async\" width=\"150\" height=\"150\" src=\"https:\/\/chaoshof.at\/wp-content\/uploads\/2022\/07\/science01-150x150.jpg\" class=\"attachment-thumbnail size-thumbnail wp-image-605\" alt=\"\" srcset=\"https:\/\/chaoshof.at\/wp-content\/uploads\/2022\/07\/science01-150x150.jpg 150w, https:\/\/chaoshof.at\/wp-content\/uploads\/2022\/07\/science01-300x300.jpg 300w, https:\/\/chaoshof.at\/wp-content\/uploads\/2022\/07\/science01.jpg 1024w, https:\/\/chaoshof.at\/wp-content\/uploads\/2022\/07\/science01-768x768.jpg 768w, https:\/\/chaoshof.at\/wp-content\/uploads\/2022\/07\/science01-350x350.jpg 350w, https:\/\/chaoshof.at\/wp-content\/uploads\/2022\/07\/science01-120x120.jpg 120w\" sizes=\"(max-width: 150px) 100vw, 150px\" \/>\t\t\t\t\t\t\t\t\t\t\t\t\t\t\t<\/div>\n\t\t\t\t<\/div>\n\t\t\t\t\t<\/div>\n\t\t<\/div>\n\t\t\t\t\t\t\t<\/div>\n\t\t<\/section>\n\t\t\t\t<section class=\"elementor-section elementor-top-section elementor-element elementor-element-830d666 elementor-section-boxed elementor-section-height-default elementor-section-height-default\" data-id=\"830d666\" data-element_type=\"section\">\n\t\t\t\t\t\t<div class=\"elementor-container elementor-column-gap-default\">\n\t\t\t\t\t<div class=\"elementor-column elementor-col-100 elementor-top-column elementor-element elementor-element-a98b47d\" data-id=\"a98b47d\" data-element_type=\"column\">\n\t\t\t<div class=\"elementor-widget-wrap elementor-element-populated\">\n\t\t\t\t\t\t\t\t<div class=\"elementor-element elementor-element-03841a5 elementor-widget elementor-widget-text-editor\" data-id=\"03841a5\" data-element_type=\"widget\" data-widget_type=\"text-editor.default\">\n\t\t\t\t<div class=\"elementor-widget-container\">\n\t\t\t\t\t\t\t<h3 style=\"text-align: center;\"><span style=\"color: #339966;\"><i><b>wissenschaftlich<\/b><\/i><\/span><\/h3><p style=\"text-align: center;\">\u201e<i>It\u2018s not science if you\u2018re not allowed to question it\u201c<\/i><\/p><p>Innerhalb des Projektes soll eine klare Trennung von Glaube und Wissenschaft gemacht werden. Die pers\u00f6nliche Entscheidung, an etwas zu glauben ist das gute Recht jeder Person.<\/p><p>Wissenschaftsfeindlichkeit verhindert den Anspruch etwas frei zu erfahren\/erforschen. Dies soll bei dem Projekt ganz bewusst ausgeschlossen werden. Als Wissenschaftsfeindlich ist es auch, wenn ein Wahrheitsanspruch, der seinen Ursprung im Glauben hat, geltend gemacht wird. Unter Betracht dieser Darstellung sind Verschw\u00f6rungserz\u00e4hlungen ebenfalls wissenschaftsfeindlich.<\/p>\t\t\t\t\t\t<\/div>\n\t\t\t\t<\/div>\n\t\t\t\t\t<\/div>\n\t\t<\/div>\n\t\t\t\t\t\t\t<\/div>\n\t\t<\/section>\n\t\t\t\t<section class=\"elementor-section elementor-top-section elementor-element elementor-element-4905f37 elementor-section-boxed elementor-section-height-default elementor-section-height-default\" data-id=\"4905f37\" data-element_type=\"section\">\n\t\t\t\t\t\t<div class=\"elementor-container elementor-column-gap-default\">\n\t\t\t\t\t<div class=\"elementor-column elementor-col-100 elementor-top-column elementor-element elementor-element-51d9fb6\" data-id=\"51d9fb6\" data-element_type=\"column\">\n\t\t\t<div class=\"elementor-widget-wrap elementor-element-populated\">\n\t\t\t\t\t\t\t\t<div class=\"elementor-element elementor-element-c714cd7 elementor-widget elementor-widget-spacer\" data-id=\"c714cd7\" data-element_type=\"widget\" data-widget_type=\"spacer.default\">\n\t\t\t\t<div class=\"elementor-widget-container\">\n\t\t\t\t\t<div class=\"elementor-spacer\">\n\t\t\t<div class=\"elementor-spacer-inner\"><\/div>\n\t\t<\/div>\n\t\t\t\t<\/div>\n\t\t\t\t<\/div>\n\t\t\t\t\t<\/div>\n\t\t<\/div>\n\t\t\t\t\t\t\t<\/div>\n\t\t<\/section>\n\t\t\t\t<section class=\"elementor-section elementor-top-section elementor-element elementor-element-ed1ca8d elementor-section-boxed elementor-section-height-default elementor-section-height-default\" data-id=\"ed1ca8d\" data-element_type=\"section\">\n\t\t\t\t\t\t<div class=\"elementor-container elementor-column-gap-default\">\n\t\t\t\t\t<div class=\"elementor-column elementor-col-100 elementor-top-column elementor-element elementor-element-50484d4\" data-id=\"50484d4\" data-element_type=\"column\">\n\t\t\t<div class=\"elementor-widget-wrap elementor-element-populated\">\n\t\t\t\t\t\t\t\t<div class=\"elementor-element elementor-element-6953e11 elementor-widget elementor-widget-image\" data-id=\"6953e11\" data-element_type=\"widget\" data-widget_type=\"image.default\">\n\t\t\t\t<div class=\"elementor-widget-container\">\n\t\t\t\t\t\t\t\t\t\t\t\t\t\t\t<img decoding=\"async\" width=\"150\" height=\"150\" src=\"https:\/\/chaoshof.at\/wp-content\/uploads\/2022\/07\/equality01-150x150.jpg\" class=\"attachment-thumbnail size-thumbnail wp-image-606\" alt=\"\" srcset=\"https:\/\/chaoshof.at\/wp-content\/uploads\/2022\/07\/equality01-150x150.jpg 150w, https:\/\/chaoshof.at\/wp-content\/uploads\/2022\/07\/equality01-300x300.jpg 300w, https:\/\/chaoshof.at\/wp-content\/uploads\/2022\/07\/equality01.jpg 1024w, https:\/\/chaoshof.at\/wp-content\/uploads\/2022\/07\/equality01-768x768.jpg 768w, https:\/\/chaoshof.at\/wp-content\/uploads\/2022\/07\/equality01-350x350.jpg 350w, https:\/\/chaoshof.at\/wp-content\/uploads\/2022\/07\/equality01-120x120.jpg 120w\" sizes=\"(max-width: 150px) 100vw, 150px\" \/>\t\t\t\t\t\t\t\t\t\t\t\t\t\t\t<\/div>\n\t\t\t\t<\/div>\n\t\t\t\t\t<\/div>\n\t\t<\/div>\n\t\t\t\t\t\t\t<\/div>\n\t\t<\/section>\n\t\t\t\t<section class=\"elementor-section elementor-top-section elementor-element elementor-element-6b54d21 elementor-section-boxed elementor-section-height-default elementor-section-height-default\" data-id=\"6b54d21\" data-element_type=\"section\">\n\t\t\t\t\t\t<div class=\"elementor-container elementor-column-gap-default\">\n\t\t\t\t\t<div class=\"elementor-column elementor-col-100 elementor-top-column elementor-element elementor-element-3a0fadb\" data-id=\"3a0fadb\" data-element_type=\"column\">\n\t\t\t<div class=\"elementor-widget-wrap elementor-element-populated\">\n\t\t\t\t\t\t\t\t<div class=\"elementor-element elementor-element-f04edb0 elementor-widget elementor-widget-text-editor\" data-id=\"f04edb0\" data-element_type=\"widget\" data-widget_type=\"text-editor.default\">\n\t\t\t\t<div class=\"elementor-widget-container\">\n\t\t\t\t\t\t\t<h3 style=\"text-align: center;\"><span style=\"color: #339966;\"><em>gerecht<\/em><\/span><\/h3><p>Wir m\u00f6chten den Raum so barriere-arm wie m\u00f6glich gestalten und sind offen \u00fcber konstruktive Kritik und Tipps dies zu verbessern. Gemeinsam sollen unsere Perspektiven erweitert und Diskriminierung einged\u00e4mmt werden. Privilegien begleiten uns unbewusst durch den Alltag \u2013 es ist wichtig, sich diesen bewusst zu werden. Diskriminierung findet auf vielen Ebenen statt \u2013 hier am Hof bem\u00fchen wir uns, stets unsere Privilegien, Auftreten und Gespr\u00e4chsverhalten zu reflektieren und ein gerechtes Miteinander zu gestalten. Das Leben am Chaos Hof soll sich fern von traditionellen Geschlechterrollen und patriarchalen Strukturen bewegen.<\/p>\t\t\t\t\t\t<\/div>\n\t\t\t\t<\/div>\n\t\t\t\t\t<\/div>\n\t\t<\/div>\n\t\t\t\t\t\t\t<\/div>\n\t\t<\/section>\n\t\t\t\t<section class=\"elementor-section elementor-top-section elementor-element elementor-element-97dee0d elementor-section-boxed elementor-section-height-default elementor-section-height-default\" data-id=\"97dee0d\" data-element_type=\"section\">\n\t\t\t\t\t\t<div class=\"elementor-container elementor-column-gap-default\">\n\t\t\t\t\t<div class=\"elementor-column elementor-col-100 elementor-top-column elementor-element elementor-element-5425f3a\" data-id=\"5425f3a\" data-element_type=\"column\">\n\t\t\t<div class=\"elementor-widget-wrap elementor-element-populated\">\n\t\t\t\t\t\t\t\t<div class=\"elementor-element elementor-element-746a9d0 elementor-widget elementor-widget-spacer\" data-id=\"746a9d0\" data-element_type=\"widget\" data-widget_type=\"spacer.default\">\n\t\t\t\t<div class=\"elementor-widget-container\">\n\t\t\t\t\t<div class=\"elementor-spacer\">\n\t\t\t<div class=\"elementor-spacer-inner\"><\/div>\n\t\t<\/div>\n\t\t\t\t<\/div>\n\t\t\t\t<\/div>\n\t\t\t\t\t<\/div>\n\t\t<\/div>\n\t\t\t\t\t\t\t<\/div>\n\t\t<\/section>\n\t\t\t\t\t\t\t<\/div>\n\t\t","protected":false},"excerpt":{"rendered":"<p>DisclaimerMan kann nicht jeden Tag alles richtig machen. In unserer Menschlichkeit m\u00fcssen Fehler zugelassen werden. Exkludieren wir die M\u00f6glichkeit fehlbar zu sein, wird allein dieser Anspruch der Nichtfehlbarkeit die Diskussionen beherrschen.Wir k\u00f6nnen nur versuchen, jeden Tag das der Tagesverfassung entsprechend Beste zu geben. nachhaltig Unter Nachhaltigkeit soll hier nicht nur der Anbau von Gem\u00fcse verstanden [&hellip;]<\/p>\n","protected":false},"author":1,"featured_media":0,"parent":0,"menu_order":0,"comment_status":"closed","ping_status":"closed","template":"","meta":{"footnotes":""},"class_list":["post-439","page","type-page","status-publish","hentry"],"_links":{"self":[{"href":"https:\/\/chaoshof.at\/index.php?rest_route=\/wp\/v2\/pages\/439","targetHints":{"allow":["GET"]}}],"collection":[{"href":"https:\/\/chaoshof.at\/index.php?rest_route=\/wp\/v2\/pages"}],"about":[{"href":"https:\/\/chaoshof.at\/index.php?rest_route=\/wp\/v2\/types\/page"}],"author":[{"embeddable":true,"href":"https:\/\/chaoshof.at\/index.php?rest_route=\/wp\/v2\/users\/1"}],"replies":[{"embeddable":true,"href":"https:\/\/chaoshof.at\/index.php?rest_route=%2Fwp%2Fv2%2Fcomments&post=439"}],"version-history":[{"count":40,"href":"https:\/\/chaoshof.at\/index.php?rest_route=\/wp\/v2\/pages\/439\/revisions"}],"predecessor-version":[{"id":624,"href":"https:\/\/chaoshof.at\/index.php?rest_route=\/wp\/v2\/pages\/439\/revisions\/624"}],"wp:attachment":[{"href":"https:\/\/chaoshof.at\/index.php?rest_route=%2Fwp%2Fv2%2Fmedia&parent=439"}],"curies":[{"name":"wp","href":"https:\/\/api.w.org\/{rel}","templated":true}]}}