{"id":377,"date":"2022-06-02T14:30:23","date_gmt":"2022-06-02T12:30:23","guid":{"rendered":"https:\/\/chaoshof.at\/?page_id=377"},"modified":"2025-02-10T18:41:19","modified_gmt":"2025-02-10T17:41:19","slug":"crew","status":"publish","type":"page","link":"https:\/\/chaoshof.at\/?page_id=377","title":{"rendered":"Crew"},"content":{"rendered":"\t\t<div data-elementor-type=\"wp-page\" data-elementor-id=\"377\" class=\"elementor elementor-377\">\n\t\t\t\t\t\t\t\t\t<section class=\"elementor-section elementor-top-section elementor-element elementor-element-6b2255f elementor-section-boxed elementor-section-height-default elementor-section-height-default\" data-id=\"6b2255f\" data-element_type=\"section\">\n\t\t\t\t\t\t<div class=\"elementor-container elementor-column-gap-default\">\n\t\t\t\t\t<div class=\"elementor-column elementor-col-100 elementor-top-column elementor-element elementor-element-dfd30b7\" data-id=\"dfd30b7\" data-element_type=\"column\">\n\t\t\t<div class=\"elementor-widget-wrap elementor-element-populated\">\n\t\t\t\t\t\t\t\t<div class=\"elementor-element elementor-element-7b1d552 elementor-widget-divider--view-line elementor-widget elementor-widget-divider\" data-id=\"7b1d552\" data-element_type=\"widget\" data-widget_type=\"divider.default\">\n\t\t\t\t<div class=\"elementor-widget-container\">\n\t\t\t<style>\/*! elementor - v3.11.1 - 15-02-2023 *\/\n.elementor-widget-divider{--divider-border-style:none;--divider-border-width:1px;--divider-color:#2c2c2c;--divider-icon-size:20px;--divider-element-spacing:10px;--divider-pattern-height:24px;--divider-pattern-size:20px;--divider-pattern-url:none;--divider-pattern-repeat:repeat-x}.elementor-widget-divider .elementor-divider{display:flex}.elementor-widget-divider .elementor-divider__text{font-size:15px;line-height:1;max-width:95%}.elementor-widget-divider .elementor-divider__element{margin:0 var(--divider-element-spacing);flex-shrink:0}.elementor-widget-divider .elementor-icon{font-size:var(--divider-icon-size)}.elementor-widget-divider .elementor-divider-separator{display:flex;margin:0;direction:ltr}.elementor-widget-divider--view-line_icon .elementor-divider-separator,.elementor-widget-divider--view-line_text .elementor-divider-separator{align-items:center}.elementor-widget-divider--view-line_icon .elementor-divider-separator:after,.elementor-widget-divider--view-line_icon .elementor-divider-separator:before,.elementor-widget-divider--view-line_text .elementor-divider-separator:after,.elementor-widget-divider--view-line_text .elementor-divider-separator:before{display:block;content:\"\";border-bottom:0;flex-grow:1;border-top:var(--divider-border-width) var(--divider-border-style) var(--divider-color)}.elementor-widget-divider--element-align-left .elementor-divider .elementor-divider-separator>.elementor-divider__svg:first-of-type{flex-grow:0;flex-shrink:100}.elementor-widget-divider--element-align-left .elementor-divider-separator:before{content:none}.elementor-widget-divider--element-align-left .elementor-divider__element{margin-left:0}.elementor-widget-divider--element-align-right .elementor-divider .elementor-divider-separator>.elementor-divider__svg:last-of-type{flex-grow:0;flex-shrink:100}.elementor-widget-divider--element-align-right .elementor-divider-separator:after{content:none}.elementor-widget-divider--element-align-right .elementor-divider__element{margin-right:0}.elementor-widget-divider:not(.elementor-widget-divider--view-line_text):not(.elementor-widget-divider--view-line_icon) .elementor-divider-separator{border-top:var(--divider-border-width) var(--divider-border-style) var(--divider-color)}.elementor-widget-divider--separator-type-pattern{--divider-border-style:none}.elementor-widget-divider--separator-type-pattern.elementor-widget-divider--view-line .elementor-divider-separator,.elementor-widget-divider--separator-type-pattern:not(.elementor-widget-divider--view-line) .elementor-divider-separator:after,.elementor-widget-divider--separator-type-pattern:not(.elementor-widget-divider--view-line) .elementor-divider-separator:before,.elementor-widget-divider--separator-type-pattern:not([class*=elementor-widget-divider--view]) .elementor-divider-separator{width:100%;min-height:var(--divider-pattern-height);-webkit-mask-size:var(--divider-pattern-size) 100%;mask-size:var(--divider-pattern-size) 100%;-webkit-mask-repeat:var(--divider-pattern-repeat);mask-repeat:var(--divider-pattern-repeat);background-color:var(--divider-color);-webkit-mask-image:var(--divider-pattern-url);mask-image:var(--divider-pattern-url)}.elementor-widget-divider--no-spacing{--divider-pattern-size:auto}.elementor-widget-divider--bg-round{--divider-pattern-repeat:round}.rtl .elementor-widget-divider .elementor-divider__text{direction:rtl}.e-con-inner>.elementor-widget-divider,.e-con>.elementor-widget-divider{width:var(--container-widget-width,100%);--flex-grow:var(--container-widget-flex-grow)}<\/style>\t\t<div class=\"elementor-divider\">\n\t\t\t<span class=\"elementor-divider-separator\">\n\t\t\t\t\t\t<\/span>\n\t\t<\/div>\n\t\t\t\t<\/div>\n\t\t\t\t<\/div>\n\t\t\t\t\t<\/div>\n\t\t<\/div>\n\t\t\t\t\t\t\t<\/div>\n\t\t<\/section>\n\t\t\t\t<section class=\"elementor-section elementor-top-section elementor-element elementor-element-5b02993 elementor-section-boxed elementor-section-height-default elementor-section-height-default\" data-id=\"5b02993\" data-element_type=\"section\">\n\t\t\t\t\t\t<div class=\"elementor-container elementor-column-gap-default\">\n\t\t\t\t\t<div class=\"elementor-column elementor-col-100 elementor-top-column elementor-element elementor-element-7b81186\" data-id=\"7b81186\" data-element_type=\"column\">\n\t\t\t<div class=\"elementor-widget-wrap elementor-element-populated\">\n\t\t\t\t\t\t\t\t<div class=\"elementor-element elementor-element-5d97d2e elementor-widget elementor-widget-text-editor\" data-id=\"5d97d2e\" data-element_type=\"widget\" data-widget_type=\"text-editor.default\">\n\t\t\t\t<div class=\"elementor-widget-container\">\n\t\t\t<style>\/*! elementor - v3.11.1 - 15-02-2023 *\/\n.elementor-widget-text-editor.elementor-drop-cap-view-stacked .elementor-drop-cap{background-color:#818a91;color:#fff}.elementor-widget-text-editor.elementor-drop-cap-view-framed .elementor-drop-cap{color:#818a91;border:3px solid;background-color:transparent}.elementor-widget-text-editor:not(.elementor-drop-cap-view-default) .elementor-drop-cap{margin-top:8px}.elementor-widget-text-editor:not(.elementor-drop-cap-view-default) .elementor-drop-cap-letter{width:1em;height:1em}.elementor-widget-text-editor .elementor-drop-cap{float:left;text-align:center;line-height:1;font-size:50px}.elementor-widget-text-editor .elementor-drop-cap-letter{display:inline-block}<\/style>\t\t\t\t<p>Hier stellt sich die gegenw\u00e4rtige Crew des Chaoshofs vor, diese wird sich im laufe des Projekts erweiter und ver\u00e4ndern hier halten wir euch am laufenden wen man vor Ort oder online antreffen kann.<\/p>\t\t\t\t\t\t<\/div>\n\t\t\t\t<\/div>\n\t\t\t\t\t<\/div>\n\t\t<\/div>\n\t\t\t\t\t\t\t<\/div>\n\t\t<\/section>\n\t\t\t\t<section class=\"elementor-section elementor-top-section elementor-element elementor-element-e915713 elementor-section-boxed elementor-section-height-default elementor-section-height-default\" data-id=\"e915713\" data-element_type=\"section\">\n\t\t\t\t\t\t<div class=\"elementor-container elementor-column-gap-default\">\n\t\t\t\t\t<div class=\"elementor-column elementor-col-100 elementor-top-column elementor-element elementor-element-a1405e2\" data-id=\"a1405e2\" data-element_type=\"column\">\n\t\t\t<div class=\"elementor-widget-wrap elementor-element-populated\">\n\t\t\t\t\t\t\t\t<div class=\"elementor-element elementor-element-61282a8 elementor-widget-divider--view-line elementor-widget elementor-widget-divider\" data-id=\"61282a8\" data-element_type=\"widget\" data-widget_type=\"divider.default\">\n\t\t\t\t<div class=\"elementor-widget-container\">\n\t\t\t\t\t<div class=\"elementor-divider\">\n\t\t\t<span class=\"elementor-divider-separator\">\n\t\t\t\t\t\t<\/span>\n\t\t<\/div>\n\t\t\t\t<\/div>\n\t\t\t\t<\/div>\n\t\t\t\t\t<\/div>\n\t\t<\/div>\n\t\t\t\t\t\t\t<\/div>\n\t\t<\/section>\n\t\t\t\t<section class=\"elementor-section elementor-top-section elementor-element elementor-element-96e5518 elementor-section-boxed elementor-section-height-default elementor-section-height-default\" data-id=\"96e5518\" data-element_type=\"section\">\n\t\t\t\t\t\t<div class=\"elementor-container elementor-column-gap-default\">\n\t\t\t\t\t<div class=\"elementor-column elementor-col-33 elementor-top-column elementor-element elementor-element-f9ef7a7\" data-id=\"f9ef7a7\" data-element_type=\"column\">\n\t\t\t<div class=\"elementor-widget-wrap elementor-element-populated\">\n\t\t\t\t\t\t\t\t<div class=\"elementor-element elementor-element-79e0a6e elementor-widget elementor-widget-image\" data-id=\"79e0a6e\" data-element_type=\"widget\" data-widget_type=\"image.default\">\n\t\t\t\t<div class=\"elementor-widget-container\">\n\t\t\t<style>\/*! elementor - v3.11.1 - 15-02-2023 *\/\n.elementor-widget-image{text-align:center}.elementor-widget-image a{display:inline-block}.elementor-widget-image a img[src$=\".svg\"]{width:48px}.elementor-widget-image img{vertical-align:middle;display:inline-block}<\/style>\t\t\t\t\t\t\t\t\t\t\t\t<img decoding=\"async\" width=\"251\" height=\"300\" src=\"https:\/\/chaoshof.at\/wp-content\/uploads\/2022\/06\/Katha_mit_Name-251x300.png\" class=\"attachment-medium size-medium wp-image-421\" alt=\"\" srcset=\"https:\/\/chaoshof.at\/wp-content\/uploads\/2022\/06\/Katha_mit_Name-251x300.png 251w, https:\/\/chaoshof.at\/wp-content\/uploads\/2022\/06\/Katha_mit_Name.png 516w\" sizes=\"(max-width: 251px) 100vw, 251px\" \/>\t\t\t\t\t\t\t\t\t\t\t\t\t\t\t<\/div>\n\t\t\t\t<\/div>\n\t\t\t\t\t<\/div>\n\t\t<\/div>\n\t\t\t\t<div class=\"elementor-column elementor-col-66 elementor-top-column elementor-element elementor-element-a6cbca1\" data-id=\"a6cbca1\" data-element_type=\"column\">\n\t\t\t<div class=\"elementor-widget-wrap elementor-element-populated\">\n\t\t\t\t\t\t\t\t<div class=\"elementor-element elementor-element-bb87f36 elementor-widget elementor-widget-text-editor\" data-id=\"bb87f36\" data-element_type=\"widget\" data-widget_type=\"text-editor.default\">\n\t\t\t\t<div class=\"elementor-widget-container\">\n\t\t\t\t\t\t\t<p>Als Physiotherapeutin bringe ich Erfahrung in Umgang, Kommunikation und der Arbeit mit Menschen mit verschiedenen Hintergr\u00fcnden ein. Meine klare Bekenntnis zu Klimaaktivismus und intersektionalem Feminismus pr\u00e4gt meine t\u00e4glichen Entscheidungen &#8211; ich arbeite somit aktiv f\u00fcr eine gerechtere &amp; nachhaltigere Welt zusammen mit meinen Mitmenschen im Chaos-Hof. Zum Projekt trage ich mit zwei offenen Ohren und Augen, Interesse zur Vernetzung, Wissensbegierde und Motivation zur Weitervermittlung, gro\u00dfem Tatendrang und gutem Essen bei.<\/p>\t\t\t\t\t\t<\/div>\n\t\t\t\t<\/div>\n\t\t\t\t\t<\/div>\n\t\t<\/div>\n\t\t\t\t\t\t\t<\/div>\n\t\t<\/section>\n\t\t\t\t<section class=\"elementor-section elementor-top-section elementor-element elementor-element-0fc8076 elementor-section-boxed elementor-section-height-default elementor-section-height-default\" data-id=\"0fc8076\" data-element_type=\"section\">\n\t\t\t\t\t\t<div class=\"elementor-container elementor-column-gap-default\">\n\t\t\t\t\t<div class=\"elementor-column elementor-col-100 elementor-top-column elementor-element elementor-element-c9327be\" data-id=\"c9327be\" data-element_type=\"column\">\n\t\t\t<div class=\"elementor-widget-wrap elementor-element-populated\">\n\t\t\t\t\t\t\t\t<div class=\"elementor-element elementor-element-871eb76 elementor-widget-divider--view-line elementor-widget elementor-widget-divider\" data-id=\"871eb76\" data-element_type=\"widget\" data-widget_type=\"divider.default\">\n\t\t\t\t<div class=\"elementor-widget-container\">\n\t\t\t\t\t<div class=\"elementor-divider\">\n\t\t\t<span class=\"elementor-divider-separator\">\n\t\t\t\t\t\t<\/span>\n\t\t<\/div>\n\t\t\t\t<\/div>\n\t\t\t\t<\/div>\n\t\t\t\t\t<\/div>\n\t\t<\/div>\n\t\t\t\t\t\t\t<\/div>\n\t\t<\/section>\n\t\t\t\t<section class=\"elementor-section elementor-top-section elementor-element elementor-element-f0f148a elementor-section-boxed elementor-section-height-default elementor-section-height-default\" data-id=\"f0f148a\" data-element_type=\"section\">\n\t\t\t\t\t\t<div class=\"elementor-container elementor-column-gap-default\">\n\t\t\t\t\t<div class=\"elementor-column elementor-col-66 elementor-top-column elementor-element elementor-element-b7e34f6\" data-id=\"b7e34f6\" data-element_type=\"column\">\n\t\t\t<div class=\"elementor-widget-wrap elementor-element-populated\">\n\t\t\t\t\t\t\t\t<div class=\"elementor-element elementor-element-6c1b9b3 elementor-widget elementor-widget-text-editor\" data-id=\"6c1b9b3\" data-element_type=\"widget\" data-widget_type=\"text-editor.default\">\n\t\t\t\t<div class=\"elementor-widget-container\">\n\t\t\t\t\t\t\t<p>Nach \u00fcber einem Jahrzehnt als Schreibtischt\u00e4ter habe ich 2020 meinen Job als Abteilungsleiter und CTO an den Nagel geh\u00e4ngt. In dem Jahr 2021 habe ich mir meinen Wunsch nach einem nachhaltigeren Arbeits- und Lebensstiel erf\u00fcllt und bin nach Gutenstein gezogen, wo ich als Projektleiter bei Wohnwagon eine andere Form des Zusammenlebens und Arbeiten erfahren durfte.<br \/>\u00a0Ein Jahr sp\u00e4ter und ich habe endlich den Mut meinen lange ersehnten Traum eines Hofprojektes in die Tat umzusetzen. <br \/>Zum Projekt trage ich\u00a0 meine HTL-bedingte Ausbildung als Tischler, meine IT Kenntnisse, wie auch meine organisatorischen und strukturellen F\u00e4higkeiten bei.<\/p>\t\t\t\t\t\t<\/div>\n\t\t\t\t<\/div>\n\t\t\t\t\t<\/div>\n\t\t<\/div>\n\t\t\t\t<div class=\"elementor-column elementor-col-33 elementor-top-column elementor-element elementor-element-91f5984\" data-id=\"91f5984\" data-element_type=\"column\">\n\t\t\t<div class=\"elementor-widget-wrap elementor-element-populated\">\n\t\t\t\t\t\t\t\t<div class=\"elementor-element elementor-element-439d70f elementor-widget elementor-widget-image\" data-id=\"439d70f\" data-element_type=\"widget\" data-widget_type=\"image.default\">\n\t\t\t\t<div class=\"elementor-widget-container\">\n\t\t\t\t\t\t\t\t\t\t\t\t\t\t\t<img decoding=\"async\" width=\"258\" height=\"300\" src=\"https:\/\/chaoshof.at\/wp-content\/uploads\/2022\/06\/WollVieh_mit_Name-258x300.png\" class=\"attachment-medium size-medium wp-image-425\" alt=\"\" srcset=\"https:\/\/chaoshof.at\/wp-content\/uploads\/2022\/06\/WollVieh_mit_Name-258x300.png 258w, https:\/\/chaoshof.at\/wp-content\/uploads\/2022\/06\/WollVieh_mit_Name.png 547w\" sizes=\"(max-width: 258px) 100vw, 258px\" \/>\t\t\t\t\t\t\t\t\t\t\t\t\t\t\t<\/div>\n\t\t\t\t<\/div>\n\t\t\t\t\t<\/div>\n\t\t<\/div>\n\t\t\t\t\t\t\t<\/div>\n\t\t<\/section>\n\t\t\t\t<section class=\"elementor-section elementor-top-section elementor-element elementor-element-f4211eb elementor-section-boxed elementor-section-height-default elementor-section-height-default\" data-id=\"f4211eb\" data-element_type=\"section\">\n\t\t\t\t\t\t<div class=\"elementor-container elementor-column-gap-default\">\n\t\t\t\t\t<div class=\"elementor-column elementor-col-100 elementor-top-column elementor-element elementor-element-6548a32\" data-id=\"6548a32\" data-element_type=\"column\">\n\t\t\t<div class=\"elementor-widget-wrap elementor-element-populated\">\n\t\t\t\t\t\t\t\t<div class=\"elementor-element elementor-element-4f14b0d elementor-widget-divider--view-line elementor-widget elementor-widget-divider\" data-id=\"4f14b0d\" data-element_type=\"widget\" data-widget_type=\"divider.default\">\n\t\t\t\t<div class=\"elementor-widget-container\">\n\t\t\t\t\t<div class=\"elementor-divider\">\n\t\t\t<span class=\"elementor-divider-separator\">\n\t\t\t\t\t\t<\/span>\n\t\t<\/div>\n\t\t\t\t<\/div>\n\t\t\t\t<\/div>\n\t\t\t\t\t<\/div>\n\t\t<\/div>\n\t\t\t\t\t\t\t<\/div>\n\t\t<\/section>\n\t\t\t\t<section class=\"elementor-section elementor-top-section elementor-element elementor-element-3f8b72e elementor-section-boxed elementor-section-height-default elementor-section-height-default\" data-id=\"3f8b72e\" data-element_type=\"section\">\n\t\t\t\t\t\t<div class=\"elementor-container elementor-column-gap-default\">\n\t\t\t\t\t<div class=\"elementor-column elementor-col-33 elementor-top-column elementor-element elementor-element-2547230\" data-id=\"2547230\" data-element_type=\"column\">\n\t\t\t<div class=\"elementor-widget-wrap elementor-element-populated\">\n\t\t\t\t\t\t\t\t<div class=\"elementor-element elementor-element-6e728fa elementor-widget elementor-widget-image\" data-id=\"6e728fa\" data-element_type=\"widget\" data-widget_type=\"image.default\">\n\t\t\t\t<div class=\"elementor-widget-container\">\n\t\t\t\t\t\t\t\t\t\t\t\t\t\t\t<img decoding=\"async\" width=\"259\" height=\"300\" src=\"https:\/\/chaoshof.at\/wp-content\/uploads\/2022\/06\/NINI_mit_Name-259x300.png\" class=\"attachment-medium size-medium wp-image-469\" alt=\"\" srcset=\"https:\/\/chaoshof.at\/wp-content\/uploads\/2022\/06\/NINI_mit_Name-259x300.png 259w, https:\/\/chaoshof.at\/wp-content\/uploads\/2022\/06\/NINI_mit_Name.png 531w\" sizes=\"(max-width: 259px) 100vw, 259px\" \/>\t\t\t\t\t\t\t\t\t\t\t\t\t\t\t<\/div>\n\t\t\t\t<\/div>\n\t\t\t\t\t<\/div>\n\t\t<\/div>\n\t\t\t\t<div class=\"elementor-column elementor-col-66 elementor-top-column elementor-element elementor-element-73b66a2\" data-id=\"73b66a2\" data-element_type=\"column\">\n\t\t\t<div class=\"elementor-widget-wrap elementor-element-populated\">\n\t\t\t\t\t\t\t\t<div class=\"elementor-element elementor-element-9a7d01b elementor-widget elementor-widget-text-editor\" data-id=\"9a7d01b\" data-element_type=\"widget\" data-widget_type=\"text-editor.default\">\n\t\t\t\t<div class=\"elementor-widget-container\">\n\t\t\t\t\t\t\t<p>Aufgewachsen bin ich in einem alten Bauernhof. Der ehemaligen Stall wurde zur Schreinerei umgebaut und so bin ich mit dem Rohstoff Holz (insbesondere Altholz) aufgewachsen. Ich m\u00f6chte ein Lebensraum schaffen, der Freiheit bietet um Neues auszuprobieren und Sicherheit gibt, ein Zuhause zu schaffen.<br \/>Dadurch, dass Holz mich schon mein Leben lang begleitet, ob in der Werkstatt oder im Wald, hab ich mir einiges aneignen k\u00f6nnen. Ich freue mich weiter lernen zu d\u00fcrfen und neue Skills zu entwickeln.<\/p>\t\t\t\t\t\t<\/div>\n\t\t\t\t<\/div>\n\t\t\t\t\t<\/div>\n\t\t<\/div>\n\t\t\t\t\t\t\t<\/div>\n\t\t<\/section>\n\t\t\t\t<section class=\"elementor-section elementor-top-section elementor-element elementor-element-1245a06 elementor-section-boxed elementor-section-height-default elementor-section-height-default\" data-id=\"1245a06\" data-element_type=\"section\">\n\t\t\t\t\t\t<div class=\"elementor-container elementor-column-gap-default\">\n\t\t\t\t\t<div class=\"elementor-column elementor-col-100 elementor-top-column elementor-element elementor-element-c5f8463\" data-id=\"c5f8463\" data-element_type=\"column\">\n\t\t\t<div class=\"elementor-widget-wrap elementor-element-populated\">\n\t\t\t\t\t\t\t\t<div class=\"elementor-element elementor-element-ee3794d elementor-widget-divider--view-line elementor-widget elementor-widget-divider\" data-id=\"ee3794d\" data-element_type=\"widget\" data-widget_type=\"divider.default\">\n\t\t\t\t<div class=\"elementor-widget-container\">\n\t\t\t\t\t<div class=\"elementor-divider\">\n\t\t\t<span class=\"elementor-divider-separator\">\n\t\t\t\t\t\t<\/span>\n\t\t<\/div>\n\t\t\t\t<\/div>\n\t\t\t\t<\/div>\n\t\t\t\t\t<\/div>\n\t\t<\/div>\n\t\t\t\t\t\t\t<\/div>\n\t\t<\/section>\n\t\t\t\t<section class=\"elementor-section elementor-top-section elementor-element elementor-element-a9b15fc elementor-section-boxed elementor-section-height-default elementor-section-height-default\" data-id=\"a9b15fc\" data-element_type=\"section\">\n\t\t\t\t\t\t<div class=\"elementor-container elementor-column-gap-default\">\n\t\t\t\t\t<div class=\"elementor-column elementor-col-100 elementor-top-column elementor-element elementor-element-caa3545\" data-id=\"caa3545\" data-element_type=\"column\">\n\t\t\t<div class=\"elementor-widget-wrap elementor-element-populated\">\n\t\t\t\t\t\t\t\t<div class=\"elementor-element elementor-element-f6c6e69 elementor-widget elementor-widget-text-editor\" data-id=\"f6c6e69\" data-element_type=\"widget\" data-widget_type=\"text-editor.default\">\n\t\t\t\t<div class=\"elementor-widget-container\">\n\t\t\t\t\t\t\t<h1 style=\"text-align: center;\">WIR SUCHEN EINE:N MITBEWOHNER:IN!<\/h1><p>Wir suchen dich, wenn&#8230;<\/p><p>&#8230; du dich dauerhaft niederlassen m\u00f6chtest und dich langfristig auch als Teil des Gem\u00fcsebetriebs sehen kannst<\/p><p>&#8230; du dir vorstellen kannst, Zeit in die Gemeinschaft sowie den Betrieb (ca. 20 Wochenstunden) zu investieren<\/p><p>&#8230; du dich mit unseren Prinzipien identifizieren kannst<\/p><p>&#8230; du selbstbestimmt und -organisiert Aufgaben \u00fcbernehmen kannst<\/p><p>&#8230; dir eine gute Wohngemeinschaft wichtig ist<\/p><p>&#8230; du dir vorstellen kannst, Platz und Ressourcen mit uns (und Besucher:innen) zu teilen<\/p><p>&#8230; dein Lebensstil eine gewisse Flexibilit\u00e4t erlaubt<\/p><p>&#8230; du Interesse am Gem\u00fcsebau hast und dir gerne die H\u00e4nde dreckig machst (keine Vorkenntnisse n\u00f6tig!)<\/p><p>&#8230; uns an deiner Urlaubs- &amp; Abwesenheitsplanung teilhaben l\u00e4sst, damit wir besser organisieren k\u00f6nnen<\/p><p>&#8230; Verantwortung im Betrieb und Wohnen \u00fcbernehmen willst<\/p><p>&#8230; du dich als Teil oder Ally der LGBTQIA+ Community identifizierst<\/p><p>&#8230; dir eine gute Nachbar:innenschaft wichtig ist<\/p><p>&#8230; bereit bist, Entscheidungen kollektiv zu treffen<\/p><p>&#8230; du Lust auf gemeinsame Bau- &amp; Kreativprojekte hast<\/p><p>&#8230; Visionen hast, wie Landwirtschaft, Wohnen und Arbeiten nachhaltiger gestaltet werden kann<\/p><p>&#8230; du m\u00f6glichst gewaltfrei kommunizieren (wir wissen, es ist ein Lernprozess) kannst und l\u00f6sungsorientiert an Konflike rangehst<\/p><p>Das Kostet das Leben am Chaoshof:<\/p><ul><li>20h Arbeit (Landwirtschaft, Organisation, Haus- und Carearbeit) in der Woche<\/li><li>Verpflegungskosten (ca. 100-150\u20ac im Monat) werden aufgeteilt und sind relativ gering, da wir uns mit Obst und Gem\u00fcse selbst versorgen<\/li><li>Bereitschaft, auch am Wochenende (je nach Planung) verf\u00fcgbar zu sein<\/li><\/ul><p>wenn du dich angesprochen f\u00fchlst, melde dich unter chaoshof [at] posteo.at!<\/p><p>Wir freuen uns auf deine Kontaktaufnahme!<\/p>\t\t\t\t\t\t<\/div>\n\t\t\t\t<\/div>\n\t\t\t\t\t<\/div>\n\t\t<\/div>\n\t\t\t\t\t\t\t<\/div>\n\t\t<\/section>\n\t\t\t\t\t\t\t<\/div>\n\t\t","protected":false},"excerpt":{"rendered":"<p>Hier stellt sich die gegenw\u00e4rtige Crew des Chaoshofs vor, diese wird sich im laufe des Projekts erweiter und ver\u00e4ndern hier halten wir euch am laufenden wen man vor Ort oder online antreffen kann. Als Physiotherapeutin bringe ich Erfahrung in Umgang, Kommunikation und der Arbeit mit Menschen mit verschiedenen Hintergr\u00fcnden ein. Meine klare Bekenntnis zu Klimaaktivismus [&hellip;]<\/p>\n","protected":false},"author":1,"featured_media":0,"parent":0,"menu_order":0,"comment_status":"closed","ping_status":"closed","template":"","meta":{"footnotes":""},"class_list":["post-377","page","type-page","status-publish","hentry"],"_links":{"self":[{"href":"https:\/\/chaoshof.at\/index.php?rest_route=\/wp\/v2\/pages\/377","targetHints":{"allow":["GET"]}}],"collection":[{"href":"https:\/\/chaoshof.at\/index.php?rest_route=\/wp\/v2\/pages"}],"about":[{"href":"https:\/\/chaoshof.at\/index.php?rest_route=\/wp\/v2\/types\/page"}],"author":[{"embeddable":true,"href":"https:\/\/chaoshof.at\/index.php?rest_route=\/wp\/v2\/users\/1"}],"replies":[{"embeddable":true,"href":"https:\/\/chaoshof.at\/index.php?rest_route=%2Fwp%2Fv2%2Fcomments&post=377"}],"version-history":[{"count":70,"href":"https:\/\/chaoshof.at\/index.php?rest_route=\/wp\/v2\/pages\/377\/revisions"}],"predecessor-version":[{"id":1057,"href":"https:\/\/chaoshof.at\/index.php?rest_route=\/wp\/v2\/pages\/377\/revisions\/1057"}],"wp:attachment":[{"href":"https:\/\/chaoshof.at\/index.php?rest_route=%2Fwp%2Fv2%2Fmedia&parent=377"}],"curies":[{"name":"wp","href":"https:\/\/api.w.org\/{rel}","templated":true}]}}